{"id":933,"date":"2022-07-06T23:34:52","date_gmt":"2022-07-06T21:34:52","guid":{"rendered":"http:\/\/ok-coach-scolaire.fr\/?page_id=933"},"modified":"2022-07-09T02:37:27","modified_gmt":"2022-07-09T00:37:27","slug":"barkley","status":"publish","type":"page","link":"https:\/\/ok-coach-scolaire.fr\/index.php\/barkley\/","title":{"rendered":"Guidance parentale"},"content":{"rendered":"<div id=\"pl-933\"  class=\"panel-layout\" ><div id=\"pg-933-0\"  class=\"panel-grid panel-no-style\" ><div id=\"pgc-933-0-0\"  class=\"panel-grid-cell\" ><div id=\"panel-933-0-0-0\" class=\"so-panel widget widget_themegrill_flash_image tg-widget tg-image-widget panel-first-child panel-last-child\" data-index=\"0\" >\t<img decoding=\"async\" src=\"http:\/\/ok-coach-scolaire.fr\/wp-content\/uploads\/2022\/07\/bandeau3.jpg\" \/>\n<\/div><\/div><\/div><div id=\"pg-933-1\"  class=\"panel-grid panel-no-style\" ><div id=\"pgc-933-1-0\"  class=\"panel-grid-cell\" ><div id=\"panel-933-1-0-0\" class=\"so-panel widget widget_themegrill_flash_service tg-widget tg-single-service panel-first-child panel-last-child\" data-index=\"1\" ><div class=\"flash_inherit_color panel-widget-style panel-widget-style-for-933-1-0-0\" >\n<div class=\"tg-service-widget tg-service-layout-1\">\n\t<div class=\"service-wrapper\">\n\t\t<div class=\"service-icon-title-wrapper clearfix\">\n\t\t\t\t\t\t\t\t\t\t\t<\/div>\n\t\t\t\t<div class=\"service-content-wrap\">Lorem ipsum dolor sit amet, consectetur adipiscing elit, sed do eiusmod tempor incididunt ut labore et dolore magna aliqua. Quis ipsum suspendisse ultrices gravida. Risus commodo viverra maecenas accumsan lacus vel facilisis. Lorem ipsum dolor sit amet, consectetur adipiscing elit, sed do eiusmod tempor incididunt ut labore et dolore magna aliqua. Quis ipsum suspendisse ultrices gravida. Risus commodo viverra maecenas accumsan lacus vel facilisis. Lorem ipsum dolor sit amet, consectetur adipiscing elit, sed do eiusmod tempor incididunt ut labore et dolore magna aliqua. Quis ipsum suspendisse ultrices gravida. Risus commodo viverra maecenas accumsan lacus vel facilisis.\n\n\n\n<\/div>\n\t\t\t\t\t<\/div>\n<\/div>\n<\/div><\/div><\/div><\/div><div id=\"pg-933-2\"  class=\"panel-grid panel-no-style\" ><div id=\"pgc-933-2-0\"  class=\"panel-grid-cell\" ><div id=\"panel-933-2-0-0\" class=\"so-panel widget widget_themegrill_flash_heading tg-widget section-title-wrapper panel-first-child\" data-index=\"2\" ><\/div><div id=\"panel-933-2-0-1\" class=\"so-panel widget widget_themegrill_flash_heading tg-widget section-title-wrapper\" data-index=\"3\" >\t<h3 class=\"section-title\">LE PROGRAMME BARKLEY, POUR QUI ?<\/h3>\n<\/div><div id=\"panel-933-2-0-2\" class=\"so-panel widget widget_sow-editor panel-last-child\" data-index=\"4\" ><div class=\"flash_inherit_color panel-widget-style panel-widget-style-for-933-2-0-2\" ><div\n\t\t\t\n\t\t\tclass=\"so-widget-sow-editor so-widget-sow-editor-base\"\n\t\t\t\n\t\t>\n<div class=\"siteorigin-widget-tinymce textwidget\">\n\t<p><strong>Ce programme est destin\u00e9 aux parents d\u2019enfants hyperactifs qui pr\u00e9sentent des troubles d\u2019opposition.<\/strong><\/p>\n<p>Votre enfant est tr\u00e8s souvent en opposition et vous ne savez plus comment le g\u00e9rer ? C\u2019est devenu tr\u00e8s compliqu\u00e9 \u00e0 la maison et les sorties sont impossibles ? Il ne suit jamais les r\u00e8gles, et cela impacte son adaptation en milieu scolaire\u2026<\/p>\n<p>Ce programme est fait pour que vous compreniez mieux le fonctionnement complexe de votre enfant et pour retrouver un climat serein \u00e0 la maison.<\/p>\n<p>D\u00e9roulement en 12 ateliers de groupe (maxi 10 personnes).<\/p>\n<\/div>\n<\/div><\/div><\/div><\/div><div id=\"pgc-933-2-1\"  class=\"panel-grid-cell\" ><div id=\"panel-933-2-1-0\" class=\"so-panel widget widget_sow-image panel-first-child panel-last-child\" data-index=\"5\" ><div\n\t\t\t\n\t\t\tclass=\"so-widget-sow-image so-widget-sow-image-default-d6014b76747a-933\"\n\t\t\t\n\t\t>\n\n<div class=\"sow-image-container\">\n\t\t<img decoding=\"async\" src=\"https:\/\/ok-coach-scolaire.fr\/wp-content\/uploads\/2022\/07\/C5.jpg\" width=\"372\" height=\"320\" srcset=\"https:\/\/ok-coach-scolaire.fr\/wp-content\/uploads\/2022\/07\/C5.jpg 372w, https:\/\/ok-coach-scolaire.fr\/wp-content\/uploads\/2022\/07\/C5-300x258.jpg 300w\" sizes=\"auto, (max-width: 372px) 100vw, 372px\" alt=\"\" loading=\"lazy\" \t\tclass=\"so-widget-image\"\/>\n\t<\/div>\n\n<\/div><\/div><\/div><\/div><div id=\"pg-933-3\"  class=\"panel-grid panel-no-style\" ><div id=\"pgc-933-3-0\"  class=\"panel-grid-cell\" ><div id=\"panel-933-3-0-0\" class=\"so-panel widget widget_sow-editor panel-first-child panel-last-child\" data-index=\"6\" ><div class=\"flash_inherit_color panel-widget-style panel-widget-style-for-933-3-0-0\" ><div\n\t\t\t\n\t\t\tclass=\"so-widget-sow-editor so-widget-sow-editor-base\"\n\t\t\t\n\t\t>\n<div class=\"siteorigin-widget-tinymce textwidget\">\n\t<p><strong><u><br \/>\nTh\u00e8mes abord\u00e9s dans les ateliers<\/u> :<\/strong><\/p>\n<ul>\n<li><strong>Comprendre le fonctionnement de l\u2019enfant<\/strong><\/li>\n<li><strong>renforcer positivement les comportements adapt\u00e9s<\/strong><\/li>\n<li><strong>formuler efficacement une demande<\/strong><\/li>\n<li><strong>syst\u00e8me de points et privil\u00e8ges<\/strong><\/li>\n<li><strong>travail et collaboration avec l\u2019\u00e9cole<\/strong><\/li>\n<li><strong>gestion des lieux publics \u2026<\/strong><\/li>\n<\/ul>\n<p><strong>Les ateliers ont lieu toutes les deux semaines, et entre chaque atelier, des exercices seront \u00e0 effectuer.<\/strong><\/p>\n<\/div>\n<\/div><\/div><\/div><\/div><\/div><div id=\"pg-933-4\"  class=\"panel-grid panel-no-style\" ><div id=\"pgc-933-4-0\"  class=\"panel-grid-cell\" ><div id=\"panel-933-4-0-0\" class=\"so-panel widget widget_themegrill_flash_heading tg-widget section-title-wrapper panel-first-child panel-last-child\" data-index=\"7\" ><\/div><\/div><\/div><div id=\"pg-933-5\"  class=\"panel-grid panel-no-style\" ><div id=\"pgc-933-5-0\"  class=\"panel-grid-cell\" ><div id=\"panel-933-5-0-0\" class=\"so-panel widget widget_sow-image panel-first-child panel-last-child\" data-index=\"8\" ><div\n\t\t\t\n\t\t\tclass=\"so-widget-sow-image so-widget-sow-image-default-d6014b76747a-933\"\n\t\t\t\n\t\t>\n\n<div class=\"sow-image-container\">\n\t\t<img decoding=\"async\" src=\"https:\/\/ok-coach-scolaire.fr\/wp-content\/uploads\/2022\/07\/C2.jpg\" width=\"372\" height=\"320\" srcset=\"https:\/\/ok-coach-scolaire.fr\/wp-content\/uploads\/2022\/07\/C2.jpg 372w, https:\/\/ok-coach-scolaire.fr\/wp-content\/uploads\/2022\/07\/C2-300x258.jpg 300w\" sizes=\"auto, (max-width: 372px) 100vw, 372px\" alt=\"\" loading=\"lazy\" \t\tclass=\"so-widget-image\"\/>\n\t<\/div>\n\n<\/div><\/div><\/div><div id=\"pgc-933-5-1\"  class=\"panel-grid-cell\" ><div id=\"panel-933-5-1-0\" class=\"so-panel widget widget_sow-editor panel-first-child panel-last-child\" data-index=\"9\" ><div class=\"flash_inherit_color panel-widget-style panel-widget-style-for-933-5-1-0\" ><div\n\t\t\t\n\t\t\tclass=\"so-widget-sow-editor so-widget-sow-editor-base\"\n\t\t\t\n\t\t><h3 class=\"widget-title\">Autre<\/h3>\n<div class=\"siteorigin-widget-tinymce textwidget\">\n\t<p><strong>\u00a0<\/strong><\/p>\n<p>venir Autre Autre texte \u00e0 venir Autre texte\u00a0\u00a0\u00a0\u00a0\u00a0\u00a0\u00a0 \u00e0 venir Autre texte \u00e0 venir Autre texte \u00e0 venir Autre texte \u00e0 venir Autre texte \u00e0 venir Autre texte \u00e0 venir Autre Autre texte \u00e0 venir Autre texte \u00e0 venir Autre texte \u00e0 venir Autre texte \u00e0 venir A.\u00a0\u00a0\u00a0\u00a0\u00a0 utre texte \u00e0 venir Autre texte \u00e0 v enir Autre texte \u00e0 venir Autre Autre texte \u00e0 venir Autre texte \u00e0. venir Autre texte \u00e0 veni.\u00a0\u00a0\u00a0\u00a0 r Autre texte \u00e0 venir Autre texte \u00e0 venir Autre texte \u00e0 venir Autre texte \u00e0 venir Autre Autre texte\u00a0\u00a0\u00a0\u00a0 \u00e0 venir Autre texte \u00e0 venir Autre texte \u00e0 venir Autre texte \u00e0 ven ir\u00a0\u00a0\u00a0\u00a0\u00a0 Autre texte \u00e0 venir Autre texte \u00e0 venir Autre texte Autre texte \u00e0 venir Autre texte \u00e0 venir Autre texte \u00e0 ven Autre texte \u00e0 venir Autre texte \u00e0 venir Autre texte \u00e0 ven<\/p>\n<p><strong>\u00a0<\/strong><\/p>\n<\/div>\n<\/div><\/div><\/div><\/div><\/div><div id=\"pg-933-6\"  class=\"panel-grid panel-no-style\" ><div id=\"pgc-933-6-0\"  class=\"panel-grid-cell\" ><div id=\"panel-933-6-0-0\" class=\"so-panel widget widget_themegrill_flash_heading tg-widget section-title-wrapper panel-first-child panel-last-child\" data-index=\"10\" ><\/div><\/div><\/div><div id=\"pg-933-7\"  class=\"panel-grid panel-no-style\" ><div id=\"pgc-933-7-0\"  class=\"panel-grid-cell panel-grid-cell-mobile-last\" ><div id=\"panel-933-7-0-0\" class=\"so-panel widget widget_themegrill_flash_heading tg-widget section-title-wrapper panel-first-child panel-last-child\" data-index=\"11\" >\t<h3 class=\"section-title\">Tarifs<\/h3>\n<\/div><\/div><div id=\"pgc-933-7-1\"  class=\"panel-grid-cell panel-grid-cell-empty\" ><\/div><\/div><div id=\"pg-933-8\"  class=\"panel-grid panel-no-style\" ><div id=\"pgc-933-8-0\"  class=\"panel-grid-cell panel-grid-cell-mobile-last\" ><div id=\"panel-933-8-0-0\" class=\"so-panel widget widget_sow-editor panel-first-child panel-last-child\" data-index=\"12\" ><div class=\"flash_inherit_color panel-widget-style panel-widget-style-for-933-8-0-0\" ><div\n\t\t\t\n\t\t\tclass=\"so-widget-sow-editor so-widget-sow-editor-base\"\n\t\t\t\n\t\t><h3 class=\"widget-title\">Guidance parentale<\/h3>\n<div class=\"siteorigin-widget-tinymce textwidget\">\n\t<h3><strong>M\u00e9thode Barkley<\/strong><\/h3>\n<h4><strong><u><br \/>\nAteliers collectifs de 10 s\u00e9ances :<\/u><\/strong><\/h4>\n<p>Format\u00a0: Visio<br \/>\nNombre maximum de personnes\u00a0: 12 personnes<br \/>\nFr\u00e9quence\u00a0: tous les 15 jours (hors vacances scolaires)<br \/>\nHoraires\u00a0: en soir\u00e9e<\/p>\n<h4><strong><u>Tarif :<\/u><\/strong><\/h4>\n<ul>\n<li>300\u20ac pour les 10 ateliers<\/li>\n<\/ul>\n<h4><strong><u>Mode de r\u00e8glement\u00a0<\/u>:<\/strong><\/h4>\n<p>Acompte de 50% par virement ou ch\u00e8que \u00e0 l\u2019inscription. Solde \u00e0 mi-parcours.<\/p>\n<p><strong>Me consulter pour la guidance parentale en individuel.<\/strong><\/p>\n<p>&nbsp;<\/p>\n<\/div>\n<\/div><\/div><\/div><\/div><div id=\"pgc-933-8-1\"  class=\"panel-grid-cell panel-grid-cell-empty\" ><\/div><\/div><div id=\"pg-933-9\"  class=\"panel-grid panel-no-style\" ><div id=\"pgc-933-9-0\"  class=\"panel-grid-cell\" ><div id=\"panel-933-9-0-0\" class=\"so-panel widget widget_themegrill_flash_heading tg-widget section-title-wrapper panel-first-child panel-last-child\" data-index=\"13\" ><\/div><\/div><\/div><\/div>","protected":false},"excerpt":{"rendered":"<p>Lorem ipsum dolor sit amet, consectetur adipiscing elit, sed do eiusmod tempor incididunt ut labore et dolore magna aliqua. Quis [&hellip;]<\/p>\n","protected":false},"author":1,"featured_media":0,"parent":0,"menu_order":0,"comment_status":"closed","ping_status":"closed","template":"page-templates\/full-width.php","meta":{"footnotes":""},"class_list":["post-933","page","type-page","status-publish","hentry"],"_links":{"self":[{"href":"https:\/\/ok-coach-scolaire.fr\/index.php\/wp-json\/wp\/v2\/pages\/933","targetHints":{"allow":["GET"]}}],"collection":[{"href":"https:\/\/ok-coach-scolaire.fr\/index.php\/wp-json\/wp\/v2\/pages"}],"about":[{"href":"https:\/\/ok-coach-scolaire.fr\/index.php\/wp-json\/wp\/v2\/types\/page"}],"author":[{"embeddable":true,"href":"https:\/\/ok-coach-scolaire.fr\/index.php\/wp-json\/wp\/v2\/users\/1"}],"replies":[{"embeddable":true,"href":"https:\/\/ok-coach-scolaire.fr\/index.php\/wp-json\/wp\/v2\/comments?post=933"}],"version-history":[{"count":102,"href":"https:\/\/ok-coach-scolaire.fr\/index.php\/wp-json\/wp\/v2\/pages\/933\/revisions"}],"predecessor-version":[{"id":1300,"href":"https:\/\/ok-coach-scolaire.fr\/index.php\/wp-json\/wp\/v2\/pages\/933\/revisions\/1300"}],"wp:attachment":[{"href":"https:\/\/ok-coach-scolaire.fr\/index.php\/wp-json\/wp\/v2\/media?parent=933"}],"curies":[{"name":"wp","href":"https:\/\/api.w.org\/{rel}","templated":true}]}}