{"id":892,"date":"2022-07-06T18:47:23","date_gmt":"2022-07-06T16:47:23","guid":{"rendered":"http:\/\/ok-coach-scolaire.fr\/?page_id=892"},"modified":"2022-07-07T01:52:02","modified_gmt":"2022-07-06T23:52:02","slug":"qui-suis-je","status":"publish","type":"page","link":"https:\/\/ok-coach-scolaire.fr\/index.php\/qui-suis-je\/","title":{"rendered":"Qui suis-je"},"content":{"rendered":"<div id=\"pl-892\"  class=\"panel-layout\" ><div id=\"pg-892-0\"  class=\"panel-grid panel-no-style\" ><div id=\"pgc-892-0-0\"  class=\"panel-grid-cell\" ><div id=\"panel-892-0-0-0\" class=\"so-panel widget widget_themegrill_flash_image tg-widget tg-image-widget panel-first-child panel-last-child\" data-index=\"0\" >\t<img decoding=\"async\" src=\"http:\/\/ok-coach-scolaire.fr\/wp-content\/uploads\/2022\/07\/bandeau3.jpg\" \/>\n<\/div><\/div><\/div><div id=\"pg-892-1\"  class=\"panel-grid panel-no-style\" ><div id=\"pgc-892-1-0\"  class=\"panel-grid-cell\" ><div id=\"panel-892-1-0-0\" class=\"so-panel widget widget_themegrill_flash_heading tg-widget section-title-wrapper panel-first-child panel-last-child\" data-index=\"1\" ><\/div><\/div><\/div><div id=\"pg-892-2\"  class=\"panel-grid panel-no-style\" ><div id=\"pgc-892-2-0\"  class=\"panel-grid-cell\" ><div id=\"panel-892-2-0-0\" class=\"so-panel widget widget_themegrill_flash_heading tg-widget section-title-wrapper panel-first-child panel-last-child\" data-index=\"2\" >\t<h3 class=\"section-title\">Qui suis-je ?<\/h3>\n<\/div><\/div><\/div><div id=\"pg-892-3\"  class=\"panel-grid panel-no-style\" ><div id=\"pgc-892-3-0\"  class=\"panel-grid-cell\" ><div id=\"panel-892-3-0-0\" class=\"so-panel widget widget_themegrill_flash_image tg-widget tg-image-widget panel-first-child panel-last-child\" data-index=\"3\" >\t<img decoding=\"async\" src=\"http:\/\/ok-coach-scolaire.fr\/wp-content\/uploads\/2022\/07\/hel.jpg\" \/>\n<\/div><\/div><div id=\"pgc-892-3-1\"  class=\"panel-grid-cell\" ><div id=\"panel-892-3-1-0\" class=\"so-panel widget widget_sow-editor panel-first-child panel-last-child\" data-index=\"4\" ><div class=\"flash_inherit_color panel-widget-style panel-widget-style-for-892-3-1-0\" ><div\n\t\t\t\n\t\t\tclass=\"so-widget-sow-editor so-widget-sow-editor-base\"\n\t\t\t\n\t\t><h3 class=\"widget-title\">H\u00e9l\u00e8ne Debremme<\/h3>\n<div class=\"siteorigin-widget-tinymce textwidget\">\n\t<p>&nbsp;<\/p>\n<p><strong>Je suis Maman de deux enfants dont un enfant atypique<\/strong> (eh oui, c\u2019est le mot \u00e0 la mode)\u00a0 !<br \/>\n<strong>Alors, les difficult\u00e9s d\u2019apprentissage, je connais <\/strong>! <strong>Et les interrogations qui vont avec !<\/strong><\/p>\n<ul>\n<li><strong>Comment l\u2019aider au mieux ?<\/strong><\/li>\n<li><strong>Comment fonctionne t\u2019il ?<\/strong><\/li>\n<li><strong>Quelle est la meilleure fa\u00e7on pour lui d\u2019apprendre ?<\/strong><\/li>\n<li><strong>Comment retenir les 5 pages d\u2019histoire pour l\u2019\u00e9valuation\u00a0?<\/strong><\/li>\n<li><strong>Pourquoi \u00e7a ne marche pas ?<\/strong><\/li>\n<li><strong>Comment le remotiver\u00a0?<\/strong><\/li>\n<li><strong>Comment lui montrer la bonne m\u00e9thodologie\u00a0?<\/strong><\/li>\n<li><strong>Quand lui faire faire ses devoirs\u00a0?<\/strong><\/li>\n<li><strong>Une pause\u00a0: oui, mais combien de temps\u00a0?<\/strong><\/li>\n<li><strong>Les maths\u00a0: que faire quand c\u2019est vraiment difficile\u00a0?<\/strong><\/li>\n<li><strong>Et si j\u2019allais rencontrer le professeur\u00a0!<\/strong><\/li>\n<li><strong>Il est mal dans sa peau, comment l\u2019aider\u00a0?<\/strong><\/li>\n<li><strong>Comment cesser de crier quand je fais les devoirs avec lui\u00a0?<\/strong><\/li>\n<li><strong>Travaille-t-il dans des bonnes conditions\u00a0? <\/strong><\/li>\n<\/ul>\n<p><strong>Vous \u00eates d\u00e9munis ! Votre enfant est en difficult\u00e9 ! Reprenons les choses avant qu\u2019il ne soit en \u00e9chec scolaire.<\/strong><\/p>\n<p><strong>Et parce qu\u2019il est n\u00e9cessaire d\u2019apprendre \u00e0 apprendre, j\u2019ai d\u00e9cid\u00e9 d\u2019accompagner les jeunes pour les aider dans leurs apprentissages et je suis, maintenant, form\u00e9e au Coaching Scolaire et aux derni\u00e8res d\u00e9couvertes en neurosciences.<br \/>\n<\/strong><strong>\u00a0<\/strong><strong>Je suis \u00e9galement form\u00e9e aux troubles DYS et TDA-H.<\/strong><\/p>\n<p>&nbsp;<\/p>\n<\/div>\n<\/div><\/div><\/div><\/div><\/div><div id=\"pg-892-4\"  class=\"panel-grid panel-no-style\" ><div id=\"pgc-892-4-0\"  class=\"panel-grid-cell panel-grid-cell-mobile-last\" ><div id=\"panel-892-4-0-0\" class=\"so-panel widget widget_sow-editor panel-first-child panel-last-child\" data-index=\"5\" ><div class=\"flash_inherit_color panel-widget-style panel-widget-style-for-892-4-0-0\" ><div\n\t\t\t\n\t\t\tclass=\"so-widget-sow-editor so-widget-sow-editor-base\"\n\t\t\t\n\t\t><h3 class=\"widget-title\">Suite<\/h3>\n<div class=\"siteorigin-widget-tinymce textwidget\">\n\t<p><strong>Suite\u00a0: AJOUT DE 5 lignes<\/strong><\/p>\n<p>venir Autre Autre texte \u00e0 venir Autre texte \u00e0. venir Autre texte \u00e0 veni.\u00a0\u00a0\u00a0\u00a0 r Autre texte \u00e0 venir Autre texte \u00e0 venir Autre texte \u00e0 venir Autre texte \u00e0 venir Autre Autre texte\u00a0\u00a0\u00a0\u00a0 \u00e0 venir Autre texte \u00e0 venir Autre texte \u00e0 venir Autre texte \u00e0 ven ir \u00a0\u00a0\u00a0\u00a0\u00a0Autre texte \u00e0 venir Autre texte \u00e0 venir Autre texte \u00e0 venir Autre Autre text.\u00a0\u00a0\u00a0 e \u00e0 venir Autre texte \u00e0 venir Autre texte \u00e0 venir Autre texte \u00e0 venir Autre texte \u00e0 venir Autre texte \u00e0 venir Autre texte \u00e0 venir Autre Autre texte \u00e0 venir Autre texte \u00e0 venir Autre tex.\u00a0\u00a0\u00a0\u00a0\u00a0 te \u00e0 venir Autre texte \u00e0 venir Autre texte \u00e0 venir Autre texte \u00e0 venir Autre texte \u00e0<\/p>\n<p>venir Autre Autre texte \u00e0 venir Autre texte \u00e0 venir Autre tex.\u00a0\u00a0\u00a0\u00a0\u00a0 te \u00e0 venir Autre texte \u00e0 venir Autre texte \u00e0 venir Autre texte \u00e0 venir Autre texte \u00e0<\/p>\n<p>&nbsp;<\/p>\n<\/div>\n<\/div><\/div><\/div><\/div><div id=\"pgc-892-4-1\"  class=\"panel-grid-cell panel-grid-cell-empty\" ><\/div><\/div><\/div>","protected":false},"excerpt":{"rendered":"<p>Qui suis-je ? H\u00e9l\u00e8ne Debremme &nbsp; Je suis Maman de deux enfants dont un enfant atypique (eh oui, c\u2019est le [&hellip;]<\/p>\n","protected":false},"author":1,"featured_media":0,"parent":0,"menu_order":0,"comment_status":"closed","ping_status":"closed","template":"page-templates\/full-width.php","meta":{"footnotes":""},"class_list":["post-892","page","type-page","status-publish","hentry"],"_links":{"self":[{"href":"https:\/\/ok-coach-scolaire.fr\/index.php\/wp-json\/wp\/v2\/pages\/892","targetHints":{"allow":["GET"]}}],"collection":[{"href":"https:\/\/ok-coach-scolaire.fr\/index.php\/wp-json\/wp\/v2\/pages"}],"about":[{"href":"https:\/\/ok-coach-scolaire.fr\/index.php\/wp-json\/wp\/v2\/types\/page"}],"author":[{"embeddable":true,"href":"https:\/\/ok-coach-scolaire.fr\/index.php\/wp-json\/wp\/v2\/users\/1"}],"replies":[{"embeddable":true,"href":"https:\/\/ok-coach-scolaire.fr\/index.php\/wp-json\/wp\/v2\/comments?post=892"}],"version-history":[{"count":21,"href":"https:\/\/ok-coach-scolaire.fr\/index.php\/wp-json\/wp\/v2\/pages\/892\/revisions"}],"predecessor-version":[{"id":1108,"href":"https:\/\/ok-coach-scolaire.fr\/index.php\/wp-json\/wp\/v2\/pages\/892\/revisions\/1108"}],"wp:attachment":[{"href":"https:\/\/ok-coach-scolaire.fr\/index.php\/wp-json\/wp\/v2\/media?parent=892"}],"curies":[{"name":"wp","href":"https:\/\/api.w.org\/{rel}","templated":true}]}}