{"id":1178,"date":"2022-07-09T01:01:22","date_gmt":"2022-07-08T23:01:22","guid":{"rendered":"http:\/\/ok-coach-scolaire.fr\/?page_id=1178"},"modified":"2022-07-11T23:17:05","modified_gmt":"2022-07-11T21:17:05","slug":"articles","status":"publish","type":"page","link":"https:\/\/ok-coach-scolaire.fr\/index.php\/articles\/","title":{"rendered":"Articles"},"content":{"rendered":"<div id=\"pl-1178\"  class=\"panel-layout\" ><div id=\"pg-1178-0\"  class=\"panel-grid panel-no-style\" ><div id=\"pgc-1178-0-0\"  class=\"panel-grid-cell\" ><div id=\"panel-1178-0-0-0\" class=\"so-panel widget widget_themegrill_flash_image tg-widget tg-image-widget panel-first-child\" data-index=\"0\" >\t<img decoding=\"async\" src=\"http:\/\/ok-coach-scolaire.fr\/wp-content\/uploads\/2022\/07\/5.jpg\" \/>\n<\/div><div id=\"panel-1178-0-0-1\" class=\"so-panel widget widget_themegrill_flash_heading tg-widget section-title-wrapper panel-last-child\" data-index=\"1\" ><\/div><\/div><\/div><div id=\"pg-1178-1\"  class=\"panel-grid panel-no-style\" ><div id=\"pgc-1178-1-0\"  class=\"panel-grid-cell\" ><div id=\"panel-1178-1-0-0\" class=\"so-panel widget widget_themegrill_flash_heading tg-widget section-title-wrapper panel-first-child\" data-index=\"2\" >\t<h3 class=\"section-title\">Actualit\u00e9s<\/h3>\n<\/div><div id=\"panel-1178-1-0-1\" class=\"so-panel widget widget_themegrill_flash_blog tg-widget blog-section panel-last-child\" data-index=\"3\" >\n<div class=\"blog-wrapper tg-column-wrapper tg-blog-widget-layout-1\">\n\t\t\t<div class=\"row\">\n\t\t<div class=\"tg-blog-widget tg-column-2\">\n\t\t\t\t<div class=\"post-image \">\n\t\t\t<figure><a href=\"https:\/\/ok-coach-scolaire.fr\/index.php\/2022\/07\/11\/methode-anti-stress\/\" title=\"Le stress chez les enfants ?\"><img loading=\"lazy\" decoding=\"async\" width=\"300\" height=\"300\" src=\"https:\/\/ok-coach-scolaire.fr\/wp-content\/uploads\/2022\/07\/1000_F_316972285_qa7DDn3ULyYtVPgjstq4O79ATkHPN7c3-300x300.jpg\" class=\"attachment-flash-square size-flash-square wp-post-image\" alt=\"\" srcset=\"https:\/\/ok-coach-scolaire.fr\/wp-content\/uploads\/2022\/07\/1000_F_316972285_qa7DDn3ULyYtVPgjstq4O79ATkHPN7c3-300x300.jpg 300w, https:\/\/ok-coach-scolaire.fr\/wp-content\/uploads\/2022\/07\/1000_F_316972285_qa7DDn3ULyYtVPgjstq4O79ATkHPN7c3-150x150.jpg 150w\" sizes=\"auto, (max-width: 300px) 100vw, 300px\" \/><\/a><\/figure>\t\t<\/div>\n\t\t<div class=\"blog-content\">\n\t\t\t<h3 class=\"entry-title\"><a href=\"https:\/\/ok-coach-scolaire.fr\/index.php\/2022\/07\/11\/methode-anti-stress\/\">Le stress chez les enfants ?<\/a><\/h3>\n\t\t\t\t\t\t<div class=\"entry-meta\">\n\t\t\t\t<span class=\"entry-date\">\n\t\t\t\t\t<i class=\"fa fa-clock-o\"><\/i><a href=\"https:\/\/ok-coach-scolaire.fr\/index.php\/2022\/07\/11\/methode-anti-stress\/\" rel=\"bookmark\">11 juillet 2022<\/a>\n\t\t\t\t<\/span>\n\t\t\t\t<span class=\"entry-author\">\n\t\t\t\t\t<i class=\"fa fa-user\"><\/i><a class=\"url fn n\" href=\"https:\/\/ok-coach-scolaire.fr\/index.php\/author\/admin4547\/\">H. Debremme<\/a>\n\t\t\t\t<\/span>\n\t\t\t<\/div>\n\t\t\t\t\t\t<div class=\"entry-summary\">\n\t\t\t\t<p>Le stress chez les enfants est un sujet important. Ils peuvent \u00eatre confront\u00e9s \u00e0 diff\u00e9rentes sources de stress, comme la [&hellip;]<\/p>\n\t\t\t<\/div>\n\t\t\t\t\t<\/div>\n\t<\/div>\n\t\t<div class=\"tg-blog-widget tg-column-2\">\n\t\t\t\t<div class=\"post-image \">\n\t\t\t<figure><a href=\"https:\/\/ok-coach-scolaire.fr\/index.php\/2022\/07\/11\/tout-sur-le-tdah\/\" title=\"Tout sur le TDAH\"><img loading=\"lazy\" decoding=\"async\" width=\"300\" height=\"276\" src=\"https:\/\/ok-coach-scolaire.fr\/wp-content\/uploads\/2022\/07\/C9-300x276.jpg\" class=\"attachment-flash-square size-flash-square wp-post-image\" alt=\"\" \/><\/a><\/figure>\t\t<\/div>\n\t\t<div class=\"blog-content\">\n\t\t\t<h3 class=\"entry-title\"><a href=\"https:\/\/ok-coach-scolaire.fr\/index.php\/2022\/07\/11\/tout-sur-le-tdah\/\">Tout sur le TDAH<\/a><\/h3>\n\t\t\t\t\t\t<div class=\"entry-meta\">\n\t\t\t\t<span class=\"entry-date\">\n\t\t\t\t\t<i class=\"fa fa-clock-o\"><\/i><a href=\"https:\/\/ok-coach-scolaire.fr\/index.php\/2022\/07\/11\/tout-sur-le-tdah\/\" rel=\"bookmark\">11 juillet 2022<\/a>\n\t\t\t\t<\/span>\n\t\t\t\t<span class=\"entry-author\">\n\t\t\t\t\t<i class=\"fa fa-user\"><\/i><a class=\"url fn n\" href=\"https:\/\/ok-coach-scolaire.fr\/index.php\/author\/admin4547\/\">H. Debremme<\/a>\n\t\t\t\t<\/span>\n\t\t\t<\/div>\n\t\t\t\t\t\t<div class=\"entry-summary\">\n\t\t\t\t<p>Lorem ipsum dolor sit amet, consectetur adipiscing elit, sed do eiusmod tempor incididunt ut labore et dolore magna aliqua. Quis [&hellip;]<\/p>\n\t\t\t<\/div>\n\t\t\t\t\t<\/div>\n\t<\/div>\n\t\t<\/div>\n\t\t\t<div class=\"row\">\n\t\t<div class=\"tg-blog-widget tg-column-2\">\n\t\t\t\t<div class=\"post-image \">\n\t\t\t<figure><a href=\"https:\/\/ok-coach-scolaire.fr\/index.php\/2017\/01\/02\/artistic-drawing-of-girl-has-gone-away\/\" title=\"Artistic Drawing Of Girl Has Gone Away\"><img loading=\"lazy\" decoding=\"async\" width=\"300\" height=\"300\" src=\"https:\/\/ok-coach-scolaire.fr\/wp-content\/uploads\/2017\/01\/blog-2-300x300.jpg\" class=\"attachment-flash-square size-flash-square wp-post-image\" alt=\"\" srcset=\"https:\/\/ok-coach-scolaire.fr\/wp-content\/uploads\/2017\/01\/blog-2-300x300.jpg 300w, https:\/\/ok-coach-scolaire.fr\/wp-content\/uploads\/2017\/01\/blog-2-100x100.jpg 100w, https:\/\/ok-coach-scolaire.fr\/wp-content\/uploads\/2017\/01\/blog-2-150x150.jpg 150w\" sizes=\"auto, (max-width: 300px) 100vw, 300px\" \/><\/a><\/figure>\t\t<\/div>\n\t\t<div class=\"blog-content\">\n\t\t\t<h3 class=\"entry-title\"><a href=\"https:\/\/ok-coach-scolaire.fr\/index.php\/2017\/01\/02\/artistic-drawing-of-girl-has-gone-away\/\">Artistic Drawing Of Girl Has Gone Away<\/a><\/h3>\n\t\t\t\t\t\t<div class=\"entry-meta\">\n\t\t\t\t<span class=\"entry-date\">\n\t\t\t\t\t<i class=\"fa fa-clock-o\"><\/i><a href=\"https:\/\/ok-coach-scolaire.fr\/index.php\/2017\/01\/02\/artistic-drawing-of-girl-has-gone-away\/\" rel=\"bookmark\">2 janvier 2017<\/a>\n\t\t\t\t<\/span>\n\t\t\t\t<span class=\"entry-author\">\n\t\t\t\t\t<i class=\"fa fa-user\"><\/i><a class=\"url fn n\" href=\"https:\/\/ok-coach-scolaire.fr\/index.php\/author\/admin4547\/\">H. Debremme<\/a>\n\t\t\t\t<\/span>\n\t\t\t<\/div>\n\t\t\t\t\t\t<div class=\"entry-summary\">\n\t\t\t\t<p>Fruitcake danish cupcake sweet roll chocolate bar bonbon candy sugar plum fruitcake. Cheesecake jujubes gummies powder danish gummies chocolate. Jelly-o dessert cotton candy gingerbread. Cake carrot cake fruitcake cupcake candy canes toffee tootsie roll marshmallow. Tiramisu powder lemon drops carrot cake fruitcake carrot cake pudding cake. Candy cupcake marzipan. Jelly beans cake oat cake pastry.<\/p>\n\t\t\t<\/div>\n\t\t\t\t\t<\/div>\n\t<\/div>\n\t\t<div class=\"tg-blog-widget tg-column-2\">\n\t\t\t\t<div class=\"post-image \">\n\t\t\t<figure><a href=\"https:\/\/ok-coach-scolaire.fr\/index.php\/2017\/01\/02\/photography-tips-for-photographer\/\" title=\"Photography Tips For Photographer\"><img loading=\"lazy\" decoding=\"async\" width=\"300\" height=\"300\" src=\"https:\/\/ok-coach-scolaire.fr\/wp-content\/uploads\/2017\/01\/blog-3-300x300.jpg\" class=\"attachment-flash-square size-flash-square wp-post-image\" alt=\"\" srcset=\"https:\/\/ok-coach-scolaire.fr\/wp-content\/uploads\/2017\/01\/blog-3-300x300.jpg 300w, https:\/\/ok-coach-scolaire.fr\/wp-content\/uploads\/2017\/01\/blog-3-100x100.jpg 100w, https:\/\/ok-coach-scolaire.fr\/wp-content\/uploads\/2017\/01\/blog-3-150x150.jpg 150w\" sizes=\"auto, (max-width: 300px) 100vw, 300px\" \/><\/a><\/figure>\t\t<\/div>\n\t\t<div class=\"blog-content\">\n\t\t\t<h3 class=\"entry-title\"><a href=\"https:\/\/ok-coach-scolaire.fr\/index.php\/2017\/01\/02\/photography-tips-for-photographer\/\">Photography Tips For Photographer<\/a><\/h3>\n\t\t\t\t\t\t<div class=\"entry-meta\">\n\t\t\t\t<span class=\"entry-date\">\n\t\t\t\t\t<i class=\"fa fa-clock-o\"><\/i><a href=\"https:\/\/ok-coach-scolaire.fr\/index.php\/2017\/01\/02\/photography-tips-for-photographer\/\" rel=\"bookmark\">2 janvier 2017<\/a>\n\t\t\t\t<\/span>\n\t\t\t\t<span class=\"entry-author\">\n\t\t\t\t\t<i class=\"fa fa-user\"><\/i><a class=\"url fn n\" href=\"https:\/\/ok-coach-scolaire.fr\/index.php\/author\/admin4547\/\">H. Debremme<\/a>\n\t\t\t\t<\/span>\n\t\t\t<\/div>\n\t\t\t\t\t\t<div class=\"entry-summary\">\n\t\t\t\t<p>Collaboratively administrate empowered markets via plug-and-play networks. Dynamically procrastinate users.Collaboratively administrate empowered markets via plug-and-play networks. Dynamically procrastinate users.<\/p>\n\t\t\t<\/div>\n\t\t\t\t\t<\/div>\n\t<\/div>\n\t\t<\/div>\n\t<\/div><!-- .blog-wrapper -->\n<\/div><\/div><\/div><div id=\"pg-1178-2\"  class=\"panel-grid panel-no-style\" ><div id=\"pgc-1178-2-0\"  class=\"panel-grid-cell\" ><div id=\"panel-1178-2-0-0\" class=\"so-panel widget widget_themegrill_flash_heading tg-widget section-title-wrapper panel-first-child panel-last-child\" data-index=\"4\" ><\/div><\/div><\/div><\/div>","protected":false},"excerpt":{"rendered":"","protected":false},"author":1,"featured_media":0,"parent":0,"menu_order":0,"comment_status":"closed","ping_status":"closed","template":"page-templates\/full-width.php","meta":{"footnotes":""},"class_list":["post-1178","page","type-page","status-publish","hentry"],"_links":{"self":[{"href":"https:\/\/ok-coach-scolaire.fr\/index.php\/wp-json\/wp\/v2\/pages\/1178","targetHints":{"allow":["GET"]}}],"collection":[{"href":"https:\/\/ok-coach-scolaire.fr\/index.php\/wp-json\/wp\/v2\/pages"}],"about":[{"href":"https:\/\/ok-coach-scolaire.fr\/index.php\/wp-json\/wp\/v2\/types\/page"}],"author":[{"embeddable":true,"href":"https:\/\/ok-coach-scolaire.fr\/index.php\/wp-json\/wp\/v2\/users\/1"}],"replies":[{"embeddable":true,"href":"https:\/\/ok-coach-scolaire.fr\/index.php\/wp-json\/wp\/v2\/comments?post=1178"}],"version-history":[{"count":8,"href":"https:\/\/ok-coach-scolaire.fr\/index.php\/wp-json\/wp\/v2\/pages\/1178\/revisions"}],"predecessor-version":[{"id":1334,"href":"https:\/\/ok-coach-scolaire.fr\/index.php\/wp-json\/wp\/v2\/pages\/1178\/revisions\/1334"}],"wp:attachment":[{"href":"https:\/\/ok-coach-scolaire.fr\/index.php\/wp-json\/wp\/v2\/media?parent=1178"}],"curies":[{"name":"wp","href":"https:\/\/api.w.org\/{rel}","templated":true}]}}