{"id":1046,"date":"2022-07-07T01:05:50","date_gmt":"2022-07-06T23:05:50","guid":{"rendered":"http:\/\/ok-coach-scolaire.fr\/?page_id=1046"},"modified":"2022-07-09T02:39:05","modified_gmt":"2022-07-09T00:39:05","slug":"meditation","status":"publish","type":"page","link":"https:\/\/ok-coach-scolaire.fr\/index.php\/meditation\/","title":{"rendered":"M\u00e9ditation"},"content":{"rendered":"<div id=\"pl-1046\"  class=\"panel-layout\" ><div id=\"pg-1046-0\"  class=\"panel-grid panel-no-style\" ><div id=\"pgc-1046-0-0\"  class=\"panel-grid-cell\" ><div id=\"panel-1046-0-0-0\" class=\"so-panel widget widget_themegrill_flash_image tg-widget tg-image-widget panel-first-child panel-last-child\" data-index=\"0\" >\t<img decoding=\"async\" src=\"http:\/\/ok-coach-scolaire.fr\/wp-content\/uploads\/2022\/07\/bandeau4.jpg\" \/>\n<\/div><\/div><\/div><div id=\"pg-1046-1\"  class=\"panel-grid panel-no-style\" ><div id=\"pgc-1046-1-0\"  class=\"panel-grid-cell\" ><div id=\"panel-1046-1-0-0\" class=\"so-panel widget widget_themegrill_flash_service tg-widget tg-single-service panel-first-child panel-last-child\" data-index=\"1\" ><div class=\"flash_inherit_color panel-widget-style panel-widget-style-for-1046-1-0-0\" >\n<div class=\"tg-service-widget tg-service-layout-1\">\n\t<div class=\"service-wrapper\">\n\t\t<div class=\"service-icon-title-wrapper clearfix\">\n\t\t\t\t\t\t\t\t\t\t\t<\/div>\n\t\t\t\t<div class=\"service-content-wrap\">Lorem ipsum dolor sit amet, consectetur adipiscing elit, sed do eiusmod tempor incididunt ut labore et dolore magna aliqua. Quis ipsum suspendisse ultrices gravida. Risus commodo viverra maecenas accumsan lacus vel facilisis. Lorem ipsum dolor sit amet, consectetur adipiscing elit, sed do eiusmod tempor incididunt ut labore et dolore magna aliqua. Quis ipsum suspendisse ultrices gravida. Risus commodo viverra maecenas accumsan lacus vel facilisis. Lorem ipsum dolor sit amet, consectetur adipiscing elit, sed do eiusmod tempor incididunt ut labore et dolore magna aliqua. Quis ipsum suspendisse ultrices gravida. Risus commodo viverra maecenas accumsan lacus vel facilisis.\n\n<\/div>\n\t\t\t\t\t<\/div>\n<\/div>\n<\/div><\/div><\/div><\/div><div id=\"pg-1046-2\"  class=\"panel-grid panel-no-style\" ><div id=\"pgc-1046-2-0\"  class=\"panel-grid-cell\" ><div id=\"panel-1046-2-0-0\" class=\"so-panel widget widget_themegrill_flash_heading tg-widget section-title-wrapper panel-first-child\" data-index=\"2\" ><\/div><div id=\"panel-1046-2-0-1\" class=\"so-panel widget widget_themegrill_flash_heading tg-widget section-title-wrapper\" data-index=\"3\" >\t<h3 class=\"section-title\">LA MEDITATION, A QUOI \u00c7A SERT ?<\/h3>\n<\/div><div id=\"panel-1046-2-0-2\" class=\"so-panel widget widget_sow-editor panel-last-child\" data-index=\"4\" ><div class=\"flash_inherit_color panel-widget-style panel-widget-style-for-1046-2-0-2\" ><div\n\t\t\t\n\t\t\tclass=\"so-widget-sow-editor so-widget-sow-editor-base\"\n\t\t\t\n\t\t>\n<div class=\"siteorigin-widget-tinymce textwidget\">\n\t<p><strong><br \/>\nLa m\u00e9ditation de pleine conscience, qu\u2019est ce que c\u2019est ?<br \/>\n<\/strong>La m\u00e9ditation consiste \u00e0 observer de fa\u00e7on consciente les pens\u00e9es qui nous arrivent sans les juger.\u00a0C\u2019est un entrainement de l\u2019esprit qui permet de se recentrer sur le moment pr\u00e9sent. C\u2019est le moment du l\u00e2cher prise !<\/p>\n<p><strong>Les bienfaits de la M\u00e9ditation\u00a0?<br \/>\n<\/strong>Elle permet un retour au calme rapide et un esprit apais\u00e9. Elle diminue les troubles de l\u2019humeur, permet un meilleur contr\u00f4le des \u00e9motions.\u00a0Elle a un impact favorable sur le sommeil.\u00a0Les retomb\u00e9es au niveau apprentissages scolaires sont multiples.\u00a0Elle favorise une meilleure estime de soi, une meilleure maitrise de l\u2019attention et de la concentration.\u00a0Elle favorise de meilleurs rapports aux autres, une plus grande tol\u00e9rance.<\/p>\n<p><strong>Comment m\u00e9diter\u00a0?<br \/>\n<\/strong>Dans un endroit calme et dans une position confortable. On peut m\u00e9diter assis sur une chaise ou sur un coussin de m\u00e9ditation\u2026 et presque partout : \u00e0 la maison, lors d\u2019une balade, dans le bus\u2026 On peut se concentrer sur un objet pr\u00e9cis, sur sa respiration, en observant ses pens\u00e9es sans chercher \u00e0 les juger ou les chasser.\u00a0Il est important de mettre en place un rituel et, par exemple, prendre un temps tous les matins pour m\u00e9diter.<br \/>\nAfin de profiter des b\u00e9n\u00e9fices, quelques minutes par jour - tous les jours - seront bien plus b\u00e9n\u00e9fiques qu\u2019une heure, une fois par semaine.<\/p>\n<p><strong>C\u2019est pour qui\u00a0?<br \/>\n<\/strong>Elle est accessible \u00e0 tous, petits et grands.<\/p>\n<p><strong>\u00a0<\/strong><\/p>\n<\/div>\n<\/div><\/div><\/div><\/div><div id=\"pgc-1046-2-1\"  class=\"panel-grid-cell\" ><div id=\"panel-1046-2-1-0\" class=\"so-panel widget widget_sow-image panel-first-child panel-last-child\" data-index=\"5\" ><div\n\t\t\t\n\t\t\tclass=\"so-widget-sow-image so-widget-sow-image-default-d6014b76747a-1046\"\n\t\t\t\n\t\t>\n\n<div class=\"sow-image-container\">\n\t\t<img decoding=\"async\" src=\"https:\/\/ok-coach-scolaire.fr\/wp-content\/uploads\/2022\/07\/C6.jpg\" width=\"372\" height=\"624\" srcset=\"https:\/\/ok-coach-scolaire.fr\/wp-content\/uploads\/2022\/07\/C6.jpg 372w, https:\/\/ok-coach-scolaire.fr\/wp-content\/uploads\/2022\/07\/C6-179x300.jpg 179w\" sizes=\"auto, (max-width: 372px) 100vw, 372px\" alt=\"\" loading=\"lazy\" \t\tclass=\"so-widget-image\"\/>\n\t<\/div>\n\n<\/div><\/div><\/div><\/div><div id=\"pg-1046-3\"  class=\"panel-grid panel-no-style\" ><div id=\"pgc-1046-3-0\"  class=\"panel-grid-cell\" ><div id=\"panel-1046-3-0-0\" class=\"so-panel widget widget_sow-editor panel-first-child panel-last-child\" data-index=\"6\" ><div class=\"flash_inherit_color panel-widget-style panel-widget-style-for-1046-3-0-0\" ><div\n\t\t\t\n\t\t\tclass=\"so-widget-sow-editor so-widget-sow-editor-base\"\n\t\t\t\n\t\t>\n<div class=\"siteorigin-widget-tinymce textwidget\">\n\t<h4><\/h4>\n<p><strong>suite<\/strong><\/p>\n<p>Pour les enfants qui ont la t\u00eate dans la lune. \u00c7a leur permet de poser leur esprit. Pour les parents qui souhaitent partager un moment de bien \u00eatre avec leur enfant.<\/p>\n<p>Elle peut \u00eatre recommand\u00e9e pour les enfants ayant un trouble du d\u00e9ficit de l\u2019attention\u00a0 (des \u00e9tudes ont d\u00e9montr\u00e9 une diminution de l\u2019inattention, de l\u2019hyperactivit\u00e9 et des sympt\u00f4mes d\u00e9pressifs \u2026).<\/p>\n<p><strong><u>Les ateliers propos\u00e9s\u00a0:<\/u><\/strong><\/p>\n<p><strong>Par groupe de 8 enfants maxi ou 8 adultes, dans un espace pr\u00e9vu \u00e0 cet effet et de mani\u00e8re hebdomadaire. Le cycle s\u2019\u00e9tale sur 8 rencontres afin de parcourir des m\u00e9ditations guid\u00e9es diff\u00e9rentes.<\/strong><\/p>\n<p><strong><u>Dur\u00e9e des ateliers\u00a0:<\/u><\/strong><\/p>\n<p><strong>Jusqu\u2019\u00e0 12 ans \u00a0: 45 minutes\u00a0\u00a0\u00a0\u00a0 Au-del\u00e0 : 1 heure<\/strong><br \/>\n<strong>Possibilit\u00e9 d\u2019un atelier individuel parent\/enfant.\u00a0Des exercices seront donn\u00e9s \u00e0 faire entre les s\u00e9ances.<\/strong><\/p>\n<\/div>\n<\/div><\/div><\/div><\/div><\/div><div id=\"pg-1046-4\"  class=\"panel-grid panel-no-style\" ><div id=\"pgc-1046-4-0\"  class=\"panel-grid-cell\" ><div id=\"panel-1046-4-0-0\" class=\"so-panel widget widget_themegrill_flash_heading tg-widget section-title-wrapper panel-first-child panel-last-child\" data-index=\"7\" ><\/div><\/div><\/div><div id=\"pg-1046-5\"  class=\"panel-grid panel-no-style\" ><div id=\"pgc-1046-5-0\"  class=\"panel-grid-cell\" ><div id=\"panel-1046-5-0-0\" class=\"so-panel widget widget_sow-image panel-first-child panel-last-child\" data-index=\"8\" ><div\n\t\t\t\n\t\t\tclass=\"so-widget-sow-image so-widget-sow-image-default-d6014b76747a-1046\"\n\t\t\t\n\t\t>\n\n<div class=\"sow-image-container\">\n\t\t<img decoding=\"async\" src=\"https:\/\/ok-coach-scolaire.fr\/wp-content\/uploads\/2022\/07\/C2.jpg\" width=\"372\" height=\"320\" srcset=\"https:\/\/ok-coach-scolaire.fr\/wp-content\/uploads\/2022\/07\/C2.jpg 372w, https:\/\/ok-coach-scolaire.fr\/wp-content\/uploads\/2022\/07\/C2-300x258.jpg 300w\" sizes=\"auto, (max-width: 372px) 100vw, 372px\" alt=\"\" loading=\"lazy\" \t\tclass=\"so-widget-image\"\/>\n\t<\/div>\n\n<\/div><\/div><\/div><div id=\"pgc-1046-5-1\"  class=\"panel-grid-cell\" ><div id=\"panel-1046-5-1-0\" class=\"so-panel widget widget_sow-editor panel-first-child panel-last-child\" data-index=\"9\" ><div class=\"flash_inherit_color panel-widget-style panel-widget-style-for-1046-5-1-0\" ><div\n\t\t\t\n\t\t\tclass=\"so-widget-sow-editor so-widget-sow-editor-base\"\n\t\t\t\n\t\t><h3 class=\"widget-title\">Autre<\/h3>\n<div class=\"siteorigin-widget-tinymce textwidget\">\n\t<p><strong>\u00a0<\/strong><\/p>\n<p>venir Autre Autre texte \u00e0 venir Autre texte\u00a0\u00a0\u00a0\u00a0\u00a0\u00a0\u00a0 \u00e0 venir Autre texte \u00e0 venir Autre texte \u00e0 venir Autre texte \u00e0 venir Autre texte \u00e0 venir Autre texte \u00e0 venir Autre Autre texte \u00e0 venir Autre texte \u00e0 venir Autre texte \u00e0 venir Autre texte \u00e0 venir A.\u00a0\u00a0\u00a0\u00a0\u00a0 utre texte \u00e0 venir Autre texte \u00e0 v enir Autre texte \u00e0 venir Autre Autre texte \u00e0 venir Autre texte \u00e0. venir Autre texte \u00e0 veni.\u00a0\u00a0\u00a0\u00a0 r Autre texte \u00e0 venir Autre texte \u00e0 venir Autre texte \u00e0 venir Autre texte \u00e0 venir Autre Autre texte\u00a0\u00a0\u00a0\u00a0 \u00e0 venir Autre texte \u00e0 venir Autre texte \u00e0 venir Autre texte \u00e0 ven ir\u00a0\u00a0\u00a0\u00a0\u00a0 Autre texte \u00e0 venir Autre texte \u00e0 venir Autre texte Autre texte \u00e0 venir Autre texte \u00e0 venir Autre texte \u00e0 ven Autre texte \u00e0 venir Autre texte \u00e0 venir Autre texte \u00e0 ven<\/p>\n<p><strong>\u00a0<\/strong><\/p>\n<\/div>\n<\/div><\/div><\/div><\/div><\/div><div id=\"pg-1046-6\"  class=\"panel-grid panel-no-style\" ><div id=\"pgc-1046-6-0\"  class=\"panel-grid-cell\" ><div id=\"panel-1046-6-0-0\" class=\"so-panel widget widget_themegrill_flash_heading tg-widget section-title-wrapper panel-first-child panel-last-child\" data-index=\"10\" ><\/div><\/div><\/div><div id=\"pg-1046-7\"  class=\"panel-grid panel-no-style\" ><div id=\"pgc-1046-7-0\"  class=\"panel-grid-cell panel-grid-cell-mobile-last\" ><div id=\"panel-1046-7-0-0\" class=\"so-panel widget widget_themegrill_flash_heading tg-widget section-title-wrapper panel-first-child panel-last-child\" data-index=\"11\" >\t<h3 class=\"section-title\">Tarifs<\/h3>\n<\/div><\/div><div id=\"pgc-1046-7-1\"  class=\"panel-grid-cell panel-grid-cell-empty\" ><\/div><\/div><div id=\"pg-1046-8\"  class=\"panel-grid panel-no-style\" ><div id=\"pgc-1046-8-0\"  class=\"panel-grid-cell panel-grid-cell-mobile-last\" ><div id=\"panel-1046-8-0-0\" class=\"so-panel widget widget_sow-editor panel-first-child panel-last-child\" data-index=\"12\" ><div class=\"flash_inherit_color panel-widget-style panel-widget-style-for-1046-8-0-0\" ><div\n\t\t\t\n\t\t\tclass=\"so-widget-sow-editor so-widget-sow-editor-base\"\n\t\t\t\n\t\t><h3 class=\"widget-title\">M\u00e9ditation et relaxation<\/h3>\n<div class=\"siteorigin-widget-tinymce textwidget\">\n\t<h3><strong>Enfants\/adolescents<\/strong><\/h3>\n<h4><strong><u>Ateliers collectifs de 8 s\u00e9ances\u00a0:<\/u><\/strong><\/h4>\n<p>Lieu\u00a0: \u00e0 d\u00e9finir<br \/>\nNombre maximum de personnes\u00a0: 10 personnes<br \/>\nFr\u00e9quence\u00a0: toutes les semaines<br \/>\nJours\u00a0: mercredi apr\u00e8s-midi et samedi<\/p>\n<h4><strong><u>Tarif\u00a0:<\/u><\/strong><\/h4>\n<ul>\n<li>200\u20ac pour les 8 ateliers<\/li>\n<\/ul>\n<h4><strong><u>Mode de r\u00e8glement\u00a0<\/u><\/strong><strong>:<\/strong><\/h4>\n<p>Acompte de 50% par virement ou ch\u00e8que \u00e0 l\u2019inscription.<br \/>\nSolde \u00e0 mi-parcours.<\/p>\n<h4><strong><u>S\u00e9ance individuelle\u00a0:<\/u><\/strong><\/h4>\n<ul>\n<li>40\u20ac pour un atelier d\u2019une heure<\/li>\n<\/ul>\n<p>&nbsp;<\/p>\n<\/div>\n<\/div><\/div><\/div><\/div><div id=\"pgc-1046-8-1\"  class=\"panel-grid-cell panel-grid-cell-empty\" ><\/div><\/div><div id=\"pg-1046-9\"  class=\"panel-grid panel-no-style\" ><div id=\"pgc-1046-9-0\"  class=\"panel-grid-cell\" ><div id=\"panel-1046-9-0-0\" class=\"so-panel widget widget_themegrill_flash_heading tg-widget section-title-wrapper panel-first-child panel-last-child\" data-index=\"13\" ><\/div><\/div><\/div><\/div>","protected":false},"excerpt":{"rendered":"<p>Lorem ipsum dolor sit amet, consectetur adipiscing elit, sed do eiusmod tempor incididunt ut labore et dolore magna aliqua. Quis [&hellip;]<\/p>\n","protected":false},"author":1,"featured_media":0,"parent":0,"menu_order":0,"comment_status":"closed","ping_status":"closed","template":"page-templates\/full-width.php","meta":{"footnotes":""},"class_list":["post-1046","page","type-page","status-publish","hentry"],"_links":{"self":[{"href":"https:\/\/ok-coach-scolaire.fr\/index.php\/wp-json\/wp\/v2\/pages\/1046","targetHints":{"allow":["GET"]}}],"collection":[{"href":"https:\/\/ok-coach-scolaire.fr\/index.php\/wp-json\/wp\/v2\/pages"}],"about":[{"href":"https:\/\/ok-coach-scolaire.fr\/index.php\/wp-json\/wp\/v2\/types\/page"}],"author":[{"embeddable":true,"href":"https:\/\/ok-coach-scolaire.fr\/index.php\/wp-json\/wp\/v2\/users\/1"}],"replies":[{"embeddable":true,"href":"https:\/\/ok-coach-scolaire.fr\/index.php\/wp-json\/wp\/v2\/comments?post=1046"}],"version-history":[{"count":15,"href":"https:\/\/ok-coach-scolaire.fr\/index.php\/wp-json\/wp\/v2\/pages\/1046\/revisions"}],"predecessor-version":[{"id":1302,"href":"https:\/\/ok-coach-scolaire.fr\/index.php\/wp-json\/wp\/v2\/pages\/1046\/revisions\/1302"}],"wp:attachment":[{"href":"https:\/\/ok-coach-scolaire.fr\/index.php\/wp-json\/wp\/v2\/media?parent=1046"}],"curies":[{"name":"wp","href":"https:\/\/api.w.org\/{rel}","templated":true}]}}